{"id":14,"date":"2020-06-09T16:53:06","date_gmt":"2020-06-09T14:53:06","guid":{"rendered":"http:\/\/ecoleda.cluster029.hosting.ovh.net\/?p=14"},"modified":"2024-08-25T21:35:24","modified_gmt":"2024-08-25T19:35:24","slug":"professeur","status":"publish","type":"page","link":"https:\/\/ecole-danse-classique-maurepas.fr\/index.php\/professeur\/","title":{"rendered":"Professeur"},"content":{"rendered":"\n<div style=\"height:50px\" aria-hidden=\"true\" class=\"wp-block-spacer\"><\/div>\n\n\n\n<p style=\"font-size:18px\"><strong>\u00c9lizabeth MAH\u00c9, professeur dipl\u00f4m\u00e9e de l\u2019\u00c9cole Sup\u00e9rieure d\u2019\u00c9tudes Chor\u00e9graphiques (Acad\u00e9mie Volinine) et de l\u2019Association Fran\u00e7aise des Ma\u00eetres de Danse Classique, dispens\u00e9e du&nbsp;dipl\u00f4me d\u2019\u00c9tat.<\/strong><\/p>\n\n\n\n<div style=\"height:50px\" aria-hidden=\"true\" class=\"wp-block-spacer\"><\/div>\n\n\n<figure class=\"wp-block-image alignleft size-large is-resized\"><img loading=\"lazy\" decoding=\"async\" width=\"750\" height=\"889\" class=\"wp-image-155\" style=\"width: 268px; height: 318px;\" src=\"http:\/\/ecole-danse-classique-maurepas.fr\/wp-content\/uploads\/2024\/08\/74CDB416-D646-4FD3-B375-BDD1E4E15C8F_1_201_a.jpeg\" alt=\"\" \/><\/figure>\n<figure class=\"wp-block-image alignright size-large is-resized\"><img loading=\"lazy\" decoding=\"async\" width=\"765\" height=\"1024\" class=\"wp-image-305\" style=\"width: 240px; height: 321px;\" src=\"http:\/\/ecole-danse-classique-maurepas.fr\/wp-content\/uploads\/2024\/08\/3D1F367B-B7CE-4059-A0F9-8808B8C283FB_1_105_c-765x1024.jpeg\" alt=\"\" srcset=\"https:\/\/ecole-danse-classique-maurepas.fr\/wp-content\/uploads\/2024\/08\/3D1F367B-B7CE-4059-A0F9-8808B8C283FB_1_105_c-765x1024.jpeg 765w, https:\/\/ecole-danse-classique-maurepas.fr\/wp-content\/uploads\/2024\/08\/3D1F367B-B7CE-4059-A0F9-8808B8C283FB_1_105_c-224x300.jpeg 224w, https:\/\/ecole-danse-classique-maurepas.fr\/wp-content\/uploads\/2024\/08\/3D1F367B-B7CE-4059-A0F9-8808B8C283FB_1_105_c.jpeg 766w\" sizes=\"auto, (max-width: 765px) 100vw, 765px\" \/><\/figure>","protected":false},"excerpt":{"rendered":"<p>\u00c9lizabeth MAH\u00c9, professeur dipl\u00f4m\u00e9e de l\u2019\u00c9cole Sup\u00e9rieure d\u2019\u00c9tudes Chor\u00e9graphiques (Acad\u00e9mie Volinine) et de l\u2019Association Fran\u00e7aise des Ma\u00eetres de Danse Classique,&hellip; <a class=\"read-more\" href=\"https:\/\/ecole-danse-classique-maurepas.fr\/index.php\/professeur\/\">Continue Reading<\/a><\/p>\n","protected":false},"author":1,"featured_media":0,"parent":0,"menu_order":0,"comment_status":"closed","ping_status":"closed","template":"","meta":{"footnotes":""},"class_list":["post-14","page","type-page","status-publish","hentry"],"_links":{"self":[{"href":"https:\/\/ecole-danse-classique-maurepas.fr\/index.php\/wp-json\/wp\/v2\/pages\/14","targetHints":{"allow":["GET"]}}],"collection":[{"href":"https:\/\/ecole-danse-classique-maurepas.fr\/index.php\/wp-json\/wp\/v2\/pages"}],"about":[{"href":"https:\/\/ecole-danse-classique-maurepas.fr\/index.php\/wp-json\/wp\/v2\/types\/page"}],"author":[{"embeddable":true,"href":"https:\/\/ecole-danse-classique-maurepas.fr\/index.php\/wp-json\/wp\/v2\/users\/1"}],"replies":[{"embeddable":true,"href":"https:\/\/ecole-danse-classique-maurepas.fr\/index.php\/wp-json\/wp\/v2\/comments?post=14"}],"version-history":[{"count":4,"href":"https:\/\/ecole-danse-classique-maurepas.fr\/index.php\/wp-json\/wp\/v2\/pages\/14\/revisions"}],"predecessor-version":[{"id":474,"href":"https:\/\/ecole-danse-classique-maurepas.fr\/index.php\/wp-json\/wp\/v2\/pages\/14\/revisions\/474"}],"wp:attachment":[{"href":"https:\/\/ecole-danse-classique-maurepas.fr\/index.php\/wp-json\/wp\/v2\/media?parent=14"}],"curies":[{"name":"wp","href":"https:\/\/api.w.org\/{rel}","templated":true}]}}